{"id":31,"date":"2020-06-20T19:19:19","date_gmt":"2020-06-20T19:19:19","guid":{"rendered":"http:\/\/democontent.codex-themes.com\/sites\/fullscreen-vertical-slider-1\/?page_id=8"},"modified":"2025-10-13T15:04:41","modified_gmt":"2025-10-13T13:04:41","slug":"homepage","status":"publish","type":"page","link":"https:\/\/www.optikanavrsku.sk\/","title":{"rendered":"Optika na V\u0155\u0161ku"},"content":{"rendered":"<p>[vc_row full_width=&#8221;stretch_row_content_no_spaces&#8221; content_placement=&#8221;middle&#8221; disable_element=&#8221;yes&#8221; vertical_slider=&#8221;true&#8221; css=&#8221;.vc_custom_1759851780923{margin-top: 0px !important;margin-bottom: 0px !important;border-top-width: 0px !important;padding-top: 0px !important;background-position: center !important;background-repeat: no-repeat !important;background-size: cover !important;}&#8221;][vc_column css=&#8221;.vc_custom_1459764496738{margin-top: 0px !important;padding-top: 0px !important;}&#8221;][\/vc_column][\/vc_row][vc_row full_width=&#8221;stretch_row_content_no_spaces&#8221; equal_height=&#8221;yes&#8221; content_placement=&#8221;middle&#8221; vertical_slider=&#8221;true&#8221; css=&#8221;.vc_custom_1614169352083{margin-bottom: 0px !important;background-color: #f5f6f0 !important;background-position: center !important;background-repeat: no-repeat !important;background-size: cover !important;}&#8221; custom_css_code=&#8221;JTQwbWVkaWElMjAlMjhtYXgtd2lkdGglM0ElMjAxMTk5cHglMjklN0IlMEElNDBpZC53cGJfcm93JTJDJTBBJTQwaWQud3BiX3JvdyUzRSUyQSUyMCU3QiUwQSUyMCUyMCUyMCUyMG1hcmdpbi10b3AlM0ElMjAwJTNCJTBBJTdEJTdEJTBBJTQwbWVkaWElMjAlMjhtYXgtd2lkdGglM0ElMjA1ODdweCUyOSU3QiUwQSUyMCUyMCUyMCUyMC50aXRsZS1oMSUyMCU3QiUwQSUyMCUyMCUyMCUyMCUyMCUyMCUyMCUyMGZvbnQtc2l6ZSUzQSUyMDM3cHglM0IlMEElMjAlMjAlMjAlMjAlMjAlMjAlMjAlMjBsaW5lLWhlaWdodCUzQSUyMDQ3cHglM0IlMEElMjAlMjAlMjAlMjAlN0QlMEElMjAlMjAlMjAlMjAuc3R5bGVkLXN1YnRpdGxlJTIwJTdCJTBBJTIwJTIwJTIwJTIwJTIwJTIwJTIwJTIwZm9udC1zaXplJTNBJTIwMjBweCUzQiUwQSUyMCUyMCUyMCUyMCUyMCUyMCUyMCUyMGxpbmUtaGVpZ2h0JTNBJTIwMzBweCUzQiUwQSUyMCUyMCUyMCUyMCU3RCUwQSU3RA==&#8221; el_id=&#8221;pribeh&#8221;][vc_column width=&#8221;1\/2&#8243; css=&#8221;.vc_custom_1614155526323{padding-right: 50px !important;padding-left: 50px !important;background-position: center !important;background-repeat: no-repeat !important;background-size: cover !important;}&#8221;]<div class=\"clearboth\"><\/div><div class=\"gem-divider \" style=\"margin-top: 50px;\"><\/div>[vc_row_inner equal_height=&#8221;yes&#8221;][vc_column_inner][vc_column_text]<\/p>\n<h3>N\u00e1\u0161e slu\u017eby<\/h3>\n<p>[\/vc_column_text][\/vc_column_inner][vc_column_inner width=&#8221;1\/3&#8243;][vc_single_image image=&#8221;57&#8243; img_size=&#8221;300&#215;150&#8243;][vc_column_text css=&#8221;.vc_custom_1760359901767{padding: 20px !important;}&#8221;]<\/p>\n<h5>Dioptrick\u00e9 okuliare<\/h5>\n<p><span style=\"color: #000000;\">Zhotov\u00edme v\u00e1m okuliare presne pod\u013ea va\u0161ich potrieb. Pon\u00fakame prec\u00edzne vybr\u00fasenie skiel a r\u00e1m okuliarov si m\u00f4\u017eete vybra\u0165 z na\u0161ej \u0161irokej ponuky svetov\u00fdch zna\u010diek.<\/span>[\/vc_column_text][\/vc_column_inner][vc_column_inner width=&#8221;1\/3&#8243;][vc_single_image image=&#8221;58&#8243; img_size=&#8221;300&#215;150&#8243;][vc_column_text css=&#8221;.vc_custom_1760359924953{padding: 20px !important;}&#8221;]<\/p>\n<h5><span style=\"color: #000000;\">Slne\u010dn\u00e9 okuliare<\/span><\/h5>\n<p><span style=\"color: #000000;\">V\u0161etky na\u0161e slne\u010dn\u00e9 okuliare sp\u013a\u0148aj\u00fa po\u017eiadavky maxim\u00e1lnej ochrany zraku. Vyberte si kvalitn\u00e9 a \u0161t\u00fdlov\u00e9 okuliare, ktor\u00e9 sa hodia pr\u00e1ve k va\u0161im proporci\u00e1m tv\u00e1re.<\/span>[\/vc_column_text][\/vc_column_inner][vc_column_inner width=&#8221;1\/3&#8243;][vc_single_image image=&#8221;140&#8243; img_size=&#8221;300&#215;150&#8243;][vc_column_text css=&#8221;.vc_custom_1760359936123{padding: 20px !important;}&#8221;]<\/p>\n<h5><span style=\"color: #000000;\">Vy\u0161etrenie zraku<\/span><\/h5>\n<p><span style=\"color: #000000;\">V na\u0161ej optike si m\u00f4\u017eete da\u0165 vy\u0161etri\u0165 zrak \u0161pecializovan\u00fdm optometristom. Pon\u00fakame v\u00e1m tie\u017e zmeranie vn\u00fatroo\u010dn\u00e9ho tlaku. Vy\u0161etrenia s\u00fa \u00faplne bezbolestn\u00e9.<\/span>[\/vc_column_text][\/vc_column_inner][\/vc_row_inner]<div class=\"clearboth\"><\/div><div class=\"gem-divider \" style=\"margin-top: 50px;\"><\/div>[vc_row_inner equal_height=&#8221;yes&#8221;][vc_column_inner][vc_column_text]<\/p>\n<h3>Zna\u010dky<\/h3>\n<p>[\/vc_column_text]<div class=\"gem-image gem-wrapbox gem-wrapbox-style-default gem-wrapbox-position-left\" style=\"width: 110px;height: 0px;\"><div class=\"gem-wrapbox-inner \" ><img decoding=\"async\" class=\"gem-wrapbox-element img-responsive\" src=\"https:\/\/www.optikanavrsku.sk\/wp-content\/uploads\/2021\/02\/prada.png\" alt=\"\"\/><\/div><\/div><div class=\"gem-image gem-wrapbox gem-wrapbox-style-default gem-wrapbox-position-left\" style=\"width: 110px;height: 0px;\"><div class=\"gem-wrapbox-inner \" ><img decoding=\"async\" class=\"gem-wrapbox-element img-responsive\" src=\"https:\/\/www.optikanavrsku.sk\/wp-content\/uploads\/2021\/02\/dior.png\" alt=\"\"\/><\/div><\/div><div class=\"gem-image gem-wrapbox gem-wrapbox-style-default gem-wrapbox-position-left\" style=\"width: 110px;height: 0px;\"><div class=\"gem-wrapbox-inner \" ><img decoding=\"async\" class=\"gem-wrapbox-element img-responsive\" src=\"https:\/\/www.optikanavrsku.sk\/wp-content\/uploads\/2021\/02\/tomford.png\" alt=\"\"\/><\/div><\/div><div class=\"gem-image gem-wrapbox gem-wrapbox-style-default gem-wrapbox-position-left\" style=\"width: 110px;height: 0px;\"><div class=\"gem-wrapbox-inner \" ><img decoding=\"async\" class=\"gem-wrapbox-element img-responsive\" src=\"https:\/\/www.optikanavrsku.sk\/wp-content\/uploads\/2021\/02\/celine.png\" alt=\"\"\/><\/div><\/div><div class=\"gem-image gem-wrapbox gem-wrapbox-style-default gem-wrapbox-position-left\" style=\"width: 110px;height: 0px;\"><div class=\"gem-wrapbox-inner \" ><img decoding=\"async\" class=\"gem-wrapbox-element img-responsive\" src=\"https:\/\/www.optikanavrsku.sk\/wp-content\/uploads\/2021\/02\/gucci.png\" alt=\"\"\/><\/div><\/div><div class=\"gem-image gem-wrapbox gem-wrapbox-style-default gem-wrapbox-position-left\" style=\"width: 110px;height: 0px;\"><div class=\"gem-wrapbox-inner \" ><img decoding=\"async\" class=\"gem-wrapbox-element img-responsive\" src=\"https:\/\/www.optikanavrsku.sk\/wp-content\/uploads\/2021\/02\/bvlgari.png\" alt=\"\"\/><\/div><\/div><div class=\"gem-image gem-wrapbox gem-wrapbox-style-default gem-wrapbox-position-left\" style=\"width: 110px;height: 0px;\"><div class=\"gem-wrapbox-inner \" ><img decoding=\"async\" class=\"gem-wrapbox-element img-responsive\" src=\"https:\/\/www.optikanavrsku.sk\/wp-content\/uploads\/2021\/02\/rayban.png\" alt=\"\"\/><\/div><\/div>[\/vc_column_inner][\/vc_row_inner]<div class=\"clearboth\"><\/div><div class=\"gem-divider \" style=\"margin-top: 50px;\"><\/div>[\/vc_column][vc_column width=&#8221;1\/2&#8243; css=&#8221;.vc_custom_1603721110566{background-image: url(https:\/\/www.optikanavrsku.sk\/wp-content\/uploads\/2020\/10\/predajna.jpg?id=9) !important;background-position: center !important;background-repeat: no-repeat !important;background-size: cover !important;}&#8221;]<div class=\"clearboth\"><\/div><div class=\"gem-divider \" style=\"margin-top: 300px;\"><\/div><div class=\"clearboth\"><\/div><div class=\"gem-divider \" style=\"margin-top: 50px;\"><\/div>[\/vc_column][\/vc_row][vc_row full_width=&#8221;stretch_row&#8221; content_placement=&#8221;middle&#8221; disable_element=&#8221;yes&#8221; vertical_slider=&#8221;true&#8221; css=&#8221;.vc_custom_1614161854031{margin-bottom: 0px !important;background-color: #d19664 !important;background-position: center !important;background-repeat: no-repeat !important;background-size: cover !important;}&#8221; custom_css_code=&#8221;JTQwbWVkaWElMjAlMjhtYXgtd2lkdGglM0ElMjAxMTk5cHglMjklN0IlMEElNDBpZC53cGJfcm93JTJDJTBBJTQwaWQud3BiX3JvdyUzRSUyQSUyMCU3QiUwQSUyMCUyMCUyMCUyMG1hcmdpbi10b3AlM0ElMjAwJTNCJTBBJTdEJTdEJTBBJTQwbWVkaWElMjAlMjhtYXgtd2lkdGglM0ElMjA1ODdweCUyOSU3QiUwQSUyMCUyMCUyMCUyMC50aXRsZS1oMSUyMCU3QiUwQSUyMCUyMCUyMCUyMCUyMCUyMCUyMCUyMGZvbnQtc2l6ZSUzQSUyMDM3cHglM0IlMEElMjAlMjAlMjAlMjAlMjAlMjAlMjAlMjBsaW5lLWhlaWdodCUzQSUyMDQ3cHglM0IlMEElMjAlMjAlMjAlMjAlN0QlMEElMjAlMjAlMjAlMjAuc3R5bGVkLXN1YnRpdGxlJTIwJTdCJTBBJTIwJTIwJTIwJTIwJTIwJTIwJTIwJTIwZm9udC1zaXplJTNBJTIwMjBweCUzQiUwQSUyMCUyMCUyMCUyMCUyMCUyMCUyMCUyMGxpbmUtaGVpZ2h0JTNBJTIwMzBweCUzQiUwQSUyMCUyMCUyMCUyMCU3RCUwQSU3RA==&#8221; el_id=&#8221;sluzby&#8221;][vc_column css_animation=&#8221;none&#8221; width=&#8221;1\/3&#8243; css=&#8221;.vc_custom_1603809245236{padding-right: 50px !important;padding-left: 50px !important;background-position: center !important;background-repeat: no-repeat !important;background-size: cover !important;}&#8221;][\/vc_column][vc_column css_animation=&#8221;none&#8221; width=&#8221;1\/3&#8243; css=&#8221;.vc_custom_1603809254636{padding-right: 50px !important;padding-left: 50px !important;background-position: center !important;background-repeat: no-repeat !important;background-size: cover !important;}&#8221;][\/vc_column][vc_column width=&#8221;1\/3&#8243;][\/vc_column][\/vc_row][vc_row full_width=&#8221;stretch_row_content_no_spaces&#8221; content_placement=&#8221;bottom&#8221; vertical_slider=&#8221;true&#8221; css=&#8221;.vc_custom_1603800696294{background: #000000 url(https:\/\/www.optikanavrsku.sk\/wp-content\/uploads\/2020\/10\/BGBW.jpg?id=85) !important;background-position: center !important;background-repeat: no-repeat !important;background-size: cover !important;}&#8221; el_id=&#8221;kontakt&#8221;][vc_column css=&#8221;.vc_custom_1458726921259{margin-top: 0px !important;}&#8221;][vc_row_inner][vc_column_inner offset=&#8221;vc_hidden-md vc_hidden-sm&#8221;]<div class=\"clearboth\"><\/div><div class=\"gem-divider \" style=\"margin-top: 92px;\"><\/div>[\/vc_column_inner][\/vc_row_inner][vc_row_inner][vc_column_inner width=&#8221;1\/4&#8243;]<div class=\"gem-icon-with-text gem-icon-with-text-icon-size-small centered-box\"><div style=\"margin-bottom:0px;margin-top:0px; \" class=\"gem-icon-with-text-icon\"><div class=\"gem-icon gem-icon-pack-material gem-icon-size-small  gem-icon-shape-circle\" style=\"border-color: #d19664;opacity: 1;\"><div class=\"gem-icon-inner\" style=\"background-color: #d19664;\"><span class=\"gem-icon-half-1\" style=\"color: #ffffff;\"><span class=\"back-angle\">&#xf3e4;<\/span><\/span><span class=\"gem-icon-half-2\" style=\"color: #ffffff;\"><span class=\"back-angle\">&#xf3e4;<\/span><\/span><\/div><\/div><\/div><div class=\"gem-icon-with-text-content\" ><div class=\"gem-icon-with-text-text\"><div class=\"clearboth\"><\/div><div class=\"gem-divider \" style=\"margin-top: 12px;\"><\/div>[vc_column_text]<\/p>\n<div class=\"title-h5\"><span class=\"light\" style=\"color: #ffffff;\">Adresa<\/span><\/div>\n<p>[\/vc_column_text][vc_column_text]<span style=\"color: #ffffff;\">Kupeck\u00e1 7, Nitra<\/span>[\/vc_column_text]<\/div><\/div><div class=\"clearboth\"><\/div><\/div>[\/vc_column_inner][vc_column_inner width=&#8221;1\/4&#8243;]<div class=\"gem-icon-with-text gem-icon-with-text-icon-size-small centered-box\"><div style=\"margin-bottom:0px;margin-top:0px; \" class=\"gem-icon-with-text-icon\"><div class=\"gem-icon gem-icon-pack-material gem-icon-size-small  gem-icon-shape-circle\" style=\"border-color: #d19664;opacity: 1;\"><div class=\"gem-icon-inner\" style=\"background-color: #d19664;\"><span class=\"gem-icon-half-1\" style=\"color: #ffffff;\"><span class=\"back-angle\">&#xf477;<\/span><\/span><span class=\"gem-icon-half-2\" style=\"color: #ffffff;\"><span class=\"back-angle\">&#xf477;<\/span><\/span><\/div><\/div><\/div><div class=\"gem-icon-with-text-content\" ><div class=\"gem-icon-with-text-text\"><div class=\"clearboth\"><\/div><div class=\"gem-divider \" style=\"margin-top: 12px;\"><\/div>[vc_column_text]<\/p>\n<h5 class=\"title-h5\"><span class=\"light\" style=\"color: #ffffff;\">telef\u00f3n<\/span><\/h5>\n<p>[\/vc_column_text][vc_column_text]<\/p>\n<p style=\"text-align: center;\"><span style=\"color: #ffffff;\">+421 37 653 42 78<\/span><\/p>\n<p>[\/vc_column_text]<\/div><\/div><div class=\"clearboth\"><\/div><\/div>[\/vc_column_inner][vc_column_inner width=&#8221;1\/4&#8243;]<div class=\"gem-icon-with-text gem-icon-with-text-icon-size-small centered-box\"><div style=\"margin-bottom:0px;margin-top:0px; \" class=\"gem-icon-with-text-icon\"><div class=\"gem-icon gem-icon-pack-material gem-icon-size-small  gem-icon-shape-circle\" style=\"border-color: #d19664;opacity: 1;\"><div class=\"gem-icon-inner\" style=\"background-color: #d19664;\"><span class=\"gem-icon-half-1\" style=\"color: #ffffff;\"><span class=\"back-angle\">&#xf2af;<\/span><\/span><span class=\"gem-icon-half-2\" style=\"color: #ffffff;\"><span class=\"back-angle\">&#xf2af;<\/span><\/span><\/div><\/div><\/div><div class=\"gem-icon-with-text-content\" ><div class=\"gem-icon-with-text-text\"><div class=\"clearboth\"><\/div><div class=\"gem-divider \" style=\"margin-top: 12px;\"><\/div>[vc_column_text]<\/p>\n<div class=\"title-h5\"><span class=\"light\" style=\"color: #ffffff;\">e-mail<\/span><\/div>\n<p>[\/vc_column_text][vc_column_text]<\/p>\n<p style=\"text-align: center;\"><span style=\"color: #ffffff;\">info@optikanavrsku.sk<\/span><\/p>\n<p>[\/vc_column_text]<\/div><\/div><div class=\"clearboth\"><\/div><\/div>[\/vc_column_inner][vc_column_inner width=&#8221;1\/4&#8243;]<div class=\"gem-icon-with-text gem-icon-with-text-icon-size-small centered-box\"><div style=\"margin-bottom:0px;margin-top:0px; \" class=\"gem-icon-with-text-icon\"><div class=\"gem-icon gem-icon-pack-material gem-icon-size-small  gem-icon-shape-circle\" style=\"border-color: #d19664;opacity: 1;\"><div class=\"gem-icon-inner\" style=\"background-color: #d19664;\"><span class=\"gem-icon-half-1\" style=\"color: #ffffff;\"><span class=\"back-angle\">&#xf221;<\/span><\/span><span class=\"gem-icon-half-2\" style=\"color: #ffffff;\"><span class=\"back-angle\">&#xf221;<\/span><\/span><\/div><\/div><\/div><div class=\"gem-icon-with-text-content\" ><div class=\"gem-icon-with-text-text\"><div class=\"clearboth\"><\/div><div class=\"gem-divider \" style=\"margin-top: 12px;\"><\/div>[vc_column_text]<\/p>\n<div class=\"title-h5\"><span class=\"light\" style=\"color: #ffffff;\">otv\u00e1racie hodiny<\/span><\/div>\n<p>[\/vc_column_text][vc_column_text]<\/p>\n<p style=\"text-align: center;\"><span style=\"color: #ffffff;\">pondelok &#8211; piatok: 9:00 \u2013 17:00<\/span><br \/>\n<span style=\"color: #ffffff;\">sovota: 9:00 \u2013 12:00<\/span><br \/>\n<span style=\"color: #ffffff;\">nede\u013ea: zatvoren\u00e9<\/span><\/p>\n<p>[\/vc_column_text]<\/div><\/div><div class=\"clearboth\"><\/div><\/div>[\/vc_column_inner][\/vc_row_inner]<div class=\"clearboth\"><\/div><div class=\"gem-divider \" style=\"margin-top: 92px;\"><\/div>[vc_row_inner][vc_column_inner]<div class=\"gem-map-with-text\"><div class=\"gem-map-with-text-content\" style=\"\"><\/div><div class=\"gem-map-with-text-map grayscale\">[vc_gmaps link=\"#E-8_JTNDaWZyYW1lJTIwc3JjJTNEJTIyaHR0cHMlM0ElMkYlMkZ3d3cuZ29vZ2xlLmNvbSUyRm1hcHMlMkZlbWJlZCUzRnBiJTNEJTIxMW0xOCUyMTFtMTIlMjExbTMlMjExZDY2My4zNjU4NjE3NzYwMzg5JTIxMmQxOC4wODU1NTQ2OTYyNDI1OTYlMjEzZDQ4LjMxMzE2OTk1ODM4MDA5NCUyMTJtMyUyMTFmMCUyMTJmMCUyMTNmMCUyMTNtMiUyMTFpMTAyNCUyMTJpNzY4JTIxNGYxMy4xJTIxM20zJTIxMW0yJTIxMXMweDQ3NmIzZWUwMmMwYjVkODUlMjUzQTB4MTMzYjIxZTVjOTQzMTIzOCUyMTJ6VDNCMGFXdGhJRTVoSUZiRmxjV2hhM1UlMjE1ZTAlMjEzbTIlMjExc3NrJTIxMnNzayUyMTR2MTc1OTg1MDk2NDczNSUyMTVtMiUyMTFzc2slMjEyc3NrJTIyJTIwd2lkdGglM0QlMjI2MDAlMjIlMjBoZWlnaHQlM0QlMjI0NTAlMjIlMjBzdHlsZSUzRCUyMmJvcmRlciUzQTAlM0IlMjIlMjBhbGxvd2Z1bGxzY3JlZW4lM0QlMjIlMjIlMjBsb2FkaW5nJTNEJTIybGF6eSUyMiUyMHJlZmVycmVycG9saWN5JTNEJTIybm8tcmVmZXJyZXItd2hlbi1kb3duZ3JhZGUlMjIlM0UlM0MlMkZpZnJhbWUlM0U=\" size=\"646\" disable_scroll=\"\"]<\/div><\/div>[\/vc_column_inner][\/vc_row_inner][\/vc_column][\/vc_row]<\/p>\n","protected":false},"excerpt":{"rendered":"<p>[vc_row full_width=&#8221;stretch_row_content_no_spaces&#8221; content_placement=&#8221;middle&#8221; disable_element=&#8221;yes&#8221; vertical_slider=&#8221;true&#8221; css=&#8221;.vc_custom_1759851780923{margin-top: 0px !important;margin-bottom: 0px !important;border-top-width: 0px !important;padding-top: 0px !important;background-position: center !important;background-repeat: no-repeat !important;background-size: cover !important;}&#8221;][vc_column&#8230;<\/p>\n","protected":false},"author":1,"featured_media":0,"parent":0,"menu_order":0,"comment_status":"closed","ping_status":"closed","template":"","meta":{"footnotes":""},"class_list":["post-31","page","type-page","status-publish"],"_links":{"self":[{"href":"https:\/\/www.optikanavrsku.sk\/index.php\/wp-json\/wp\/v2\/pages\/31","targetHints":{"allow":["GET"]}}],"collection":[{"href":"https:\/\/www.optikanavrsku.sk\/index.php\/wp-json\/wp\/v2\/pages"}],"about":[{"href":"https:\/\/www.optikanavrsku.sk\/index.php\/wp-json\/wp\/v2\/types\/page"}],"author":[{"embeddable":true,"href":"https:\/\/www.optikanavrsku.sk\/index.php\/wp-json\/wp\/v2\/users\/1"}],"replies":[{"embeddable":true,"href":"https:\/\/www.optikanavrsku.sk\/index.php\/wp-json\/wp\/v2\/comments?post=31"}],"version-history":[{"count":52,"href":"https:\/\/www.optikanavrsku.sk\/index.php\/wp-json\/wp\/v2\/pages\/31\/revisions"}],"predecessor-version":[{"id":147,"href":"https:\/\/www.optikanavrsku.sk\/index.php\/wp-json\/wp\/v2\/pages\/31\/revisions\/147"}],"wp:attachment":[{"href":"https:\/\/www.optikanavrsku.sk\/index.php\/wp-json\/wp\/v2\/media?parent=31"}],"curies":[{"name":"wp","href":"https:\/\/api.w.org\/{rel}","templated":true}]}}